{"id":800,"date":"2025-08-11T19:59:12","date_gmt":"2025-08-11T18:59:12","guid":{"rendered":"https:\/\/bezpieczna-przestrzen.pl\/?page_id=800"},"modified":"2025-08-11T20:01:11","modified_gmt":"2025-08-11T19:01:11","slug":"kontrakt-terapeutyczny","status":"publish","type":"page","link":"https:\/\/monika-wicinska.com\/index.php\/kontrakt-terapeutyczny\/","title":{"rendered":"Kontrakt terapeutyczny"},"content":{"rendered":"\n<p><strong>1. STRONY KONTRAKTU TERAPEUTYCZNEGO<\/strong><\/p>\n\n\n\n<p>Stronami kontraktu terapeutycznego s\u0105: klient i psychoterapeuta.<\/p>\n\n\n\n<p><strong>2. CELE I PLANOWANY CZAS TRWANIA TERAPII<\/strong><\/p>\n\n\n\n<p>Cele terapii ustalane s\u0105 wsp\u00f3lnie przez klienta i terapeut\u0119.<\/p>\n\n\n\n<p>Czas trwania psychoterapii oraz cz\u0119stotliwo\u015b\u0107 sesji jest okre\u015blany w zale\u017cno\u015bci <br>od cel\u00f3w terapii i ustalany jest wsp\u00f3lnie przez klienta i terapeut\u0119. Ustalenie cel\u00f3w <br>i czasu trwania terapii poprzedzaj\u0105 2-3 spotkania konsultacyjne.<\/p>\n\n\n\n<p>Cele i czas trwania psychoterapii mog\u0105 zosta\u0107 zmienione za obop\u00f3ln\u0105 zgod\u0105 klienta <br>i terapeuty w trakcie trwania psychoterapii.<\/p>\n\n\n\n<p><strong>3. TAJEMNICA TERAPII<\/strong><\/p>\n\n\n\n<p>Wszystko o czym rozmawia klient i terapeuta podczas sesji, obj\u0119te jest tajemnic\u0105 zawodow\u0105. Terapeuta nie udziela \u017cadnych informacji rodzinie klienta (nie dotyczy os\u00f3b niepe\u0142noletnich), instytucjom, pracodawcy itp.<\/p>\n\n\n\n<p>Terapeuta jest zwolniony z tajemnicy zawodowej w przypadku, kiedy istnieje wyra\u017ane <br>i uzasadnione podejrzenie klienta o plany spowodowania zagro\u017cenia zdrowia lub \u017cycia swojego lub innych lub w przypadkach przewidzianych przepisami prawa.<\/p>\n\n\n\n<p>Klienta nie obowi\u0105zuje tajemnica, a zatem mo\u017ce m\u00f3wi\u0107 innym o swojej terapii. Wa\u017cne jednak, by robi\u0142\/a to poszanowaniu i dba\u0142o\u015bci o swoje interesy.<\/p>\n\n\n\n<p><strong>4. OCHRONA \u017bYCIA I ZDROWIA KLIENTA ORAZ INNYCH OS\u00d3B<\/strong><\/p>\n\n\n\n<p>W przypadku znacznego pogorszenia si\u0119 nastroju lub odczuwania bardzo trudnych emocji, powoduj\u0105cych zamiar podj\u0119cia pr\u00f3by samob\u00f3jczej, autoagresji lub zagro\u017cenia dla \u017cycia i zdrowia innych, klient zobowi\u0105zuje si\u0119 do natychmiastowego zg\u0142oszenia si\u0119 lekarza psychiatry, na Izb\u0119 Przyj\u0119\u0107 Szpitala Psychiatrycznego lub zatelefonowania pod numer 112.<\/p>\n\n\n\n<p><strong>5. P\u0141ATNO\u015aCI ZA SESJE TERAPEUTYCZNE ORAZ WARUNKI ODWO\u0141YWANIA SPOTKA\u0143<\/strong><\/p>\n\n\n\n<p>Koszty sesji s\u0105 zgodne z aktualnie obowi\u0105zuj\u0105cym cennikiem. Istnieje mo\u017cliwo\u015b\u0107 wystawienia faktury za us\u0142ugi psychoterapeutyczne.<\/p>\n\n\n\n<p>Sesja odwo\u0142ana p\u00f3\u017aniej ni\u017c 24 godziny przed terminem spotkania jest 100% p\u0142atna bez wzgl\u0119du na pow\u00f3d odwo\u0142ania.<\/p>\n\n\n\n<p>W szczeg\u00f3lnych okoliczno\u015bciach mo\u017cna prze\u0142o\u017cy\u0107 sesj\u0119 na inny dzie\u0144. W takiej sytuacji nale\u017cy skontaktowa\u0107 si\u0119 z recepcj\u0105 poradni lub terapeut\u0105 najp\u00f3\u017aniej 24 godziny przed um\u00f3wionym terminem sesji.<\/p>\n\n\n\n<p>Psychoterapia odbywa si\u0119 przez ca\u0142y rok, a pacjenci w dogodnym dla siebie czasie korzystaj\u0105 z urlopu. Wystarczy uprzedzi\u0107 terapeut\u0119 na jednej z sesji (minimum tydzie\u0144 wcze\u015bniej) o planowanej d\u0142u\u017cszej nieobecno\u015bci, wtedy nieobecno\u015b\u0107 na sesjach jest nieodp\u0142atna.<\/p>\n\n\n\n<p><strong>6. ZAKO\u0143CZENIE TERAPII<\/strong><\/p>\n\n\n\n<p>Terapia ko\u0144czy si\u0119, kiedy zar\u00f3wno klient jak i terapeuta maj\u0105 poczucie, \u017ce klient zrealizowa\u0142 swoje cele.<\/p>\n\n\n\n<p>Zdarza si\u0119, \u017ce uzyskana poprawa jest na tyle zadowalaj\u0105ca, \u017ce klient nie ma ju\u017c potrzeby dalszej pracy i ma do tego prawo.<\/p>\n\n\n\n<p>Je\u015bli klient chce zako\u0144czy\u0107 terapi\u0119 wcze\u015bniej, warto, aby poinformowa\u0142 terapeut\u0119 <br>o zamiarze zako\u0144czenia terapii z takim wyprzedzeniem, aby by\u0142y przynajmniej 2 ca\u0142e sesje na om\u00f3wienie efekt\u00f3w, rekomendacji, podsumowanie i zako\u0144czenie terapii.<\/p>\n\n\n\n<p>Czasami klient rezygnuje z terapii, poniewa\u017c odczuwa wewn\u0119trzne trudno\u015bci np. docieraj\u0105 do niego uczucia, kt\u00f3re budz\u0105 niepok\u00f3j, s\u0105 zbyt silne, bolesne. Mog\u0105 te\u017c pojawia\u0107 si\u0119 negatywne uczucia do terapeuty. Szczere om\u00f3wienie trudno\u015bci czy w\u0105tpliwo\u015bci klienta sprawia, \u017ce udaje si\u0119 je rozwi\u0105za\u0107 i klient mo\u017ce dalej korzysta\u0107 <br>z psychoterapii. Mo\u017cliwe jest te\u017c, \u017ce mimo om\u00f3wienia przeszk\u00f3d w terapii zostanie podj\u0119ta decyzja o jej zako\u0144czeniu, poniewa\u017c obie stronu uznaj\u0105, \u017ce to b\u0119dzie w danej chwili najkorzystniejsze rozwi\u0105zanie dla klienta.<\/p>\n","protected":false},"excerpt":{"rendered":"<p>1. STRONY KONTRAKTU TERAPEUTYCZNEGO Stronami kontraktu terapeutycznego s\u0105: klient i psychoterapeuta. 2. CELE I PLANOWANY CZAS TRWANIA TERAPII Cele terapii ustalane s\u0105 wsp\u00f3lnie przez klienta i terapeut\u0119. Czas trwania psychoterapii oraz cz\u0119stotliwo\u015b\u0107 sesji jest okre\u015blany w zale\u017cno\u015bci od cel\u00f3w terapii i ustalany jest wsp\u00f3lnie przez klienta i terapeut\u0119. Ustalenie cel\u00f3w i czasu trwania terapii poprzedzaj\u0105 [&hellip;]<\/p>\n","protected":false},"author":1,"featured_media":0,"parent":0,"menu_order":0,"comment_status":"closed","ping_status":"closed","template":"","meta":{"ngg_post_thumbnail":0,"footnotes":""},"class_list":["post-800","page","type-page","status-publish","hentry"],"yoast_head":"<!-- This site is optimized with the Yoast SEO plugin v22.7 - https:\/\/yoast.com\/wordpress\/plugins\/seo\/ -->\n<title>Kontrakt terapeutyczny - Bezpieczna przestrze\u0144<\/title>\n<meta name=\"robots\" content=\"noindex, follow, max-snippet:-1, max-image-preview:large, max-video-preview:-1\" \/>\n<meta property=\"og:locale\" content=\"pl_PL\" \/>\n<meta property=\"og:type\" content=\"article\" \/>\n<meta property=\"og:title\" content=\"Kontrakt terapeutyczny - Bezpieczna przestrze\u0144\" \/>\n<meta property=\"og:description\" content=\"1. STRONY KONTRAKTU TERAPEUTYCZNEGO Stronami kontraktu terapeutycznego s\u0105: klient i psychoterapeuta. 2. CELE I PLANOWANY CZAS TRWANIA TERAPII Cele terapii ustalane s\u0105 wsp\u00f3lnie przez klienta i terapeut\u0119. Czas trwania psychoterapii oraz cz\u0119stotliwo\u015b\u0107 sesji jest okre\u015blany w zale\u017cno\u015bci od cel\u00f3w terapii i ustalany jest wsp\u00f3lnie przez klienta i terapeut\u0119. Ustalenie cel\u00f3w i czasu trwania terapii poprzedzaj\u0105 [&hellip;]\" \/>\n<meta property=\"og:url\" content=\"https:\/\/monika-wicinska.com\/index.php\/kontrakt-terapeutyczny\/\" \/>\n<meta property=\"og:site_name\" content=\"Bezpieczna przestrze\u0144\" \/>\n<meta property=\"article:publisher\" content=\"https:\/\/www.facebook.com\/Bezpieczna-przestrze%c5%84-686760528377035\" \/>\n<meta property=\"article:modified_time\" content=\"2025-08-11T19:01:11+00:00\" \/>\n<meta name=\"twitter:card\" content=\"summary_large_image\" \/>\n<meta name=\"twitter:label1\" content=\"Szacowany czas czytania\" \/>\n\t<meta name=\"twitter:data1\" content=\"3 minuty\" \/>\n<script type=\"application\/ld+json\" class=\"yoast-schema-graph\">{\"@context\":\"https:\/\/schema.org\",\"@graph\":[{\"@type\":\"WebPage\",\"@id\":\"https:\/\/monika-wicinska.com\/index.php\/kontrakt-terapeutyczny\/\",\"url\":\"https:\/\/monika-wicinska.com\/index.php\/kontrakt-terapeutyczny\/\",\"name\":\"Kontrakt terapeutyczny - Bezpieczna przestrze\u0144\",\"isPartOf\":{\"@id\":\"https:\/\/monika-wicinska.com\/#website\"},\"datePublished\":\"2025-08-11T18:59:12+00:00\",\"dateModified\":\"2025-08-11T19:01:11+00:00\",\"breadcrumb\":{\"@id\":\"https:\/\/monika-wicinska.com\/index.php\/kontrakt-terapeutyczny\/#breadcrumb\"},\"inLanguage\":\"pl-PL\",\"potentialAction\":[{\"@type\":\"ReadAction\",\"target\":[\"https:\/\/monika-wicinska.com\/index.php\/kontrakt-terapeutyczny\/\"]}]},{\"@type\":\"BreadcrumbList\",\"@id\":\"https:\/\/monika-wicinska.com\/index.php\/kontrakt-terapeutyczny\/#breadcrumb\",\"itemListElement\":[{\"@type\":\"ListItem\",\"position\":1,\"name\":\"Strona g\u0142\u00f3wna\",\"item\":\"https:\/\/monika-wicinska.com\/\"},{\"@type\":\"ListItem\",\"position\":2,\"name\":\"Kontrakt terapeutyczny\"}]},{\"@type\":\"WebSite\",\"@id\":\"https:\/\/monika-wicinska.com\/#website\",\"url\":\"https:\/\/monika-wicinska.com\/\",\"name\":\"Bezpieczna przestrze\u0144\",\"description\":\"Gabinet psychologiczny\",\"potentialAction\":[{\"@type\":\"SearchAction\",\"target\":{\"@type\":\"EntryPoint\",\"urlTemplate\":\"https:\/\/monika-wicinska.com\/?s={search_term_string}\"},\"query-input\":\"required name=search_term_string\"}],\"inLanguage\":\"pl-PL\"}]}<\/script>\n<!-- \/ Yoast SEO plugin. -->","yoast_head_json":{"title":"Kontrakt terapeutyczny - Bezpieczna przestrze\u0144","robots":{"index":"noindex","follow":"follow","max-snippet":"max-snippet:-1","max-image-preview":"max-image-preview:large","max-video-preview":"max-video-preview:-1"},"og_locale":"pl_PL","og_type":"article","og_title":"Kontrakt terapeutyczny - Bezpieczna przestrze\u0144","og_description":"1. STRONY KONTRAKTU TERAPEUTYCZNEGO Stronami kontraktu terapeutycznego s\u0105: klient i psychoterapeuta. 2. CELE I PLANOWANY CZAS TRWANIA TERAPII Cele terapii ustalane s\u0105 wsp\u00f3lnie przez klienta i terapeut\u0119. Czas trwania psychoterapii oraz cz\u0119stotliwo\u015b\u0107 sesji jest okre\u015blany w zale\u017cno\u015bci od cel\u00f3w terapii i ustalany jest wsp\u00f3lnie przez klienta i terapeut\u0119. Ustalenie cel\u00f3w i czasu trwania terapii poprzedzaj\u0105 [&hellip;]","og_url":"https:\/\/monika-wicinska.com\/index.php\/kontrakt-terapeutyczny\/","og_site_name":"Bezpieczna przestrze\u0144","article_publisher":"https:\/\/www.facebook.com\/Bezpieczna-przestrze%c5%84-686760528377035","article_modified_time":"2025-08-11T19:01:11+00:00","twitter_card":"summary_large_image","twitter_misc":{"Szacowany czas czytania":"3 minuty"},"schema":{"@context":"https:\/\/schema.org","@graph":[{"@type":"WebPage","@id":"https:\/\/monika-wicinska.com\/index.php\/kontrakt-terapeutyczny\/","url":"https:\/\/monika-wicinska.com\/index.php\/kontrakt-terapeutyczny\/","name":"Kontrakt terapeutyczny - Bezpieczna przestrze\u0144","isPartOf":{"@id":"https:\/\/monika-wicinska.com\/#website"},"datePublished":"2025-08-11T18:59:12+00:00","dateModified":"2025-08-11T19:01:11+00:00","breadcrumb":{"@id":"https:\/\/monika-wicinska.com\/index.php\/kontrakt-terapeutyczny\/#breadcrumb"},"inLanguage":"pl-PL","potentialAction":[{"@type":"ReadAction","target":["https:\/\/monika-wicinska.com\/index.php\/kontrakt-terapeutyczny\/"]}]},{"@type":"BreadcrumbList","@id":"https:\/\/monika-wicinska.com\/index.php\/kontrakt-terapeutyczny\/#breadcrumb","itemListElement":[{"@type":"ListItem","position":1,"name":"Strona g\u0142\u00f3wna","item":"https:\/\/monika-wicinska.com\/"},{"@type":"ListItem","position":2,"name":"Kontrakt terapeutyczny"}]},{"@type":"WebSite","@id":"https:\/\/monika-wicinska.com\/#website","url":"https:\/\/monika-wicinska.com\/","name":"Bezpieczna przestrze\u0144","description":"Gabinet psychologiczny","potentialAction":[{"@type":"SearchAction","target":{"@type":"EntryPoint","urlTemplate":"https:\/\/monika-wicinska.com\/?s={search_term_string}"},"query-input":"required name=search_term_string"}],"inLanguage":"pl-PL"}]}},"jetpack_sharing_enabled":true,"_links":{"self":[{"href":"https:\/\/monika-wicinska.com\/index.php\/wp-json\/wp\/v2\/pages\/800","targetHints":{"allow":["GET"]}}],"collection":[{"href":"https:\/\/monika-wicinska.com\/index.php\/wp-json\/wp\/v2\/pages"}],"about":[{"href":"https:\/\/monika-wicinska.com\/index.php\/wp-json\/wp\/v2\/types\/page"}],"author":[{"embeddable":true,"href":"https:\/\/monika-wicinska.com\/index.php\/wp-json\/wp\/v2\/users\/1"}],"replies":[{"embeddable":true,"href":"https:\/\/monika-wicinska.com\/index.php\/wp-json\/wp\/v2\/comments?post=800"}],"version-history":[{"count":2,"href":"https:\/\/monika-wicinska.com\/index.php\/wp-json\/wp\/v2\/pages\/800\/revisions"}],"predecessor-version":[{"id":803,"href":"https:\/\/monika-wicinska.com\/index.php\/wp-json\/wp\/v2\/pages\/800\/revisions\/803"}],"wp:attachment":[{"href":"https:\/\/monika-wicinska.com\/index.php\/wp-json\/wp\/v2\/media?parent=800"}],"curies":[{"name":"wp","href":"https:\/\/api.w.org\/{rel}","templated":true}]}}