{"id":423,"date":"2020-04-17T16:54:49","date_gmt":"2020-04-17T15:54:49","guid":{"rendered":"https:\/\/bezpieczna-przestrzen.pl\/?page_id=423"},"modified":"2025-02-02T21:37:30","modified_gmt":"2025-02-02T20:37:30","slug":"cennik-konsultacji-terapii-testow","status":"publish","type":"page","link":"https:\/\/monika-wicinska.com\/index.php\/cennik-konsultacji-terapii-testow\/","title":{"rendered":"Cennik konsultacji, terapii i test\u00f3w"},"content":{"rendered":"<p><strong>Konsultacje i terapia:<\/strong><\/p>\n<ul>\n<li>Sesja terapeutyczna 50 minut &#8211; 300 z\u0142<\/li>\n<li>Sesja terapeutyczna 90 minut &#8211; 550 z\u0142<\/li>\n<\/ul>\n<p>Dla Twojego komfortu, przed pierwsz\u0105 wizyt\u0105 zapoznaj si\u0119 z <a href=\"https:\/\/monika-wicinska.com\/index.php\/2022\/02\/10\/pierwsza-wizyta-wazne-informacje\/\" target=\"_blank\" rel=\"noopener\">informacjami przydatnymi podczas pierwszej wizyty<\/a> oraz <a href=\"http:\/\/monika-wicinska.pl\/kontrakt\/\" target=\"_blank\" rel=\"noopener\">kontraktem terapeutycznym<\/a>.<\/p>\n<p><strong>Testy<\/strong><\/p>\n<p><em>Cena obejmuje konsultacj\u0119, przeprowadzenie testu, opracowanie wynik\u00f3w oraz informacj\u0119 zwrotn\u0105. Wszystkie testy wykonywane s\u0105 na oryginalnych materia\u0142ach certyfikowanych przez <a href=\"https:\/\/www.practest.com.pl\/\" target=\"_blank\" rel=\"noopener noreferrer\">Pracowni\u0119 Test\u00f3w Polskiego Towarzystwa Psychologicznego<\/a>.<\/em><\/p>\n<ul>\n<li><a href=\"https:\/\/monika-wicinska.com\/index.php\/bezpieczna-przestrzen-oferta-psychoterapii\/#mmpi2\" target=\"_blank\" rel=\"noopener noreferrer\">MMPI<\/a> &#8211; 1 500 z\u0142<\/li>\n<li><a href=\"https:\/\/monika-wicinska.com\/index.php\/bezpieczna-przestrzen-oferta-psychoterapii\/#scid5\" target=\"_blank\" rel=\"noopener noreferrer\">SCID<\/a> &#8211; 1 200 z\u0142<\/li>\n<\/ul>\n<p><strong>MMPI\u00ae-2 Minnesocki Wielowymiarowy Inwentarz Osobowo\u015bci\u00ae-2<\/strong> &#8211; cena 1 500 z\u0142<br>Przebieg diagnozy:<br>I spotkanie obejmuje wywiad oraz przeprowadzenie badania testem. Czas trwania<br>2 &#8211; 2,5 godziny.<br>II spotkanie po dw\u00f3ch tygodniach od wype\u0142nienia testu obejmuje<br>om\u00f3wienie wynik\u00f3w i rekomendacji diagnostycznych &#8211; czas trwania 30 minut<\/p>\n<p><strong>SCID-5-PD Ustrukturalizowany Wywiad Kliniczny do Badania Zaburze\u0144 Osobowo\u015bci<\/strong> &#8211; cena 1 200 z\u0142<br>Przebieg diagnozy:<br>I spotkanie obejmuje wywiad oraz przeprowadzenie badania testem. Czas trwania<br>1,5-2 godziny.<br>II spotkanie po dw\u00f3ch tygodniach od wype\u0142nienia testu obejmuje<br>om\u00f3wienie wynik\u00f3w i rekomendacji diagnostycznych &#8211; czas trwania 30 minut.<\/p>\n\n\n<p>Podane ceny s\u0105 cenami brutto (do zap\u0142aty). Do ka\u017cdej us\u0142ugi wystawiam faktur\u0119 VAT (imienn\u0105 lub firmow\u0105) ze stawk\u0105 VAT zw. lub paragon. W razie dodatkowych pyta\u0144 odno\u015bnie cennika prosz\u0119 o kontakt telefoniczny, mailowy lub przez <a href=\"https:\/\/monika-wicinska.com\/index.php\/gabinet-psychoterapii-formularz-kontaktowy\/\" target=\"_blank\" rel=\"noreferrer noopener\">formularz kontaktowy<\/a>.<\/p>\n","protected":false},"excerpt":{"rendered":"<p>Konsultacje i terapia: Sesja terapeutyczna 50 minut &#8211; 300 z\u0142 Sesja terapeutyczna 90 minut &#8211; 550 z\u0142 Dla Twojego komfortu, przed pierwsz\u0105 wizyt\u0105 zapoznaj si\u0119 z informacjami przydatnymi podczas pierwszej wizyty oraz kontraktem terapeutycznym. Testy Cena obejmuje konsultacj\u0119, przeprowadzenie testu, opracowanie wynik\u00f3w oraz informacj\u0119 zwrotn\u0105. Wszystkie testy wykonywane s\u0105 na oryginalnych materia\u0142ach certyfikowanych przez Pracowni\u0119 [&hellip;]<\/p>\n","protected":false},"author":1,"featured_media":0,"parent":0,"menu_order":0,"comment_status":"closed","ping_status":"closed","template":"","meta":{"ngg_post_thumbnail":0,"footnotes":""},"class_list":["post-423","page","type-page","status-publish","hentry"],"yoast_head":"<!-- This site is optimized with the Yoast SEO plugin v22.7 - https:\/\/yoast.com\/wordpress\/plugins\/seo\/ -->\n<title>Cennik us\u0142ug - Bezpieczna przestrze\u0144 gabinet psychologiczny<\/title>\n<meta name=\"description\" content=\"Cennik konsultacji, terapii oraz test\u00f3w psychologicznych gabinetu psychoterapii i interwencji kryzysowej Bezpieczna przestrze\u0144 w Warszawie.\" \/>\n<meta name=\"robots\" content=\"noindex, follow, max-snippet:-1, max-image-preview:large, max-video-preview:-1\" \/>\n<meta property=\"og:locale\" content=\"pl_PL\" \/>\n<meta property=\"og:type\" content=\"article\" \/>\n<meta property=\"og:title\" content=\"Cennik us\u0142ug - Bezpieczna przestrze\u0144 gabinet psychologiczny\" \/>\n<meta property=\"og:description\" content=\"Cennik konsultacji, terapii oraz test\u00f3w psychologicznych gabinetu psychoterapii i interwencji kryzysowej Bezpieczna przestrze\u0144 w Warszawie.\" \/>\n<meta property=\"og:url\" content=\"https:\/\/monika-wicinska.com\/index.php\/cennik-konsultacji-terapii-testow\/\" \/>\n<meta property=\"og:site_name\" content=\"Bezpieczna przestrze\u0144\" \/>\n<meta property=\"article:publisher\" content=\"https:\/\/www.facebook.com\/Bezpieczna-przestrze%c5%84-686760528377035\" \/>\n<meta property=\"article:modified_time\" content=\"2025-02-02T20:37:30+00:00\" \/>\n<meta name=\"twitter:card\" content=\"summary_large_image\" \/>\n<meta name=\"twitter:label1\" content=\"Szacowany czas czytania\" \/>\n\t<meta name=\"twitter:data1\" content=\"2 minuty\" \/>\n<script type=\"application\/ld+json\" class=\"yoast-schema-graph\">{\"@context\":\"https:\/\/schema.org\",\"@graph\":[{\"@type\":\"WebPage\",\"@id\":\"https:\/\/monika-wicinska.com\/index.php\/cennik-konsultacji-terapii-testow\/\",\"url\":\"https:\/\/monika-wicinska.com\/index.php\/cennik-konsultacji-terapii-testow\/\",\"name\":\"Cennik us\u0142ug - Bezpieczna przestrze\u0144 gabinet psychologiczny\",\"isPartOf\":{\"@id\":\"https:\/\/monika-wicinska.com\/#website\"},\"datePublished\":\"2020-04-17T15:54:49+00:00\",\"dateModified\":\"2025-02-02T20:37:30+00:00\",\"description\":\"Cennik konsultacji, terapii oraz test\u00f3w psychologicznych gabinetu psychoterapii i interwencji kryzysowej Bezpieczna przestrze\u0144 w Warszawie.\",\"breadcrumb\":{\"@id\":\"https:\/\/monika-wicinska.com\/index.php\/cennik-konsultacji-terapii-testow\/#breadcrumb\"},\"inLanguage\":\"pl-PL\",\"potentialAction\":[{\"@type\":\"ReadAction\",\"target\":[\"https:\/\/monika-wicinska.com\/index.php\/cennik-konsultacji-terapii-testow\/\"]}]},{\"@type\":\"BreadcrumbList\",\"@id\":\"https:\/\/monika-wicinska.com\/index.php\/cennik-konsultacji-terapii-testow\/#breadcrumb\",\"itemListElement\":[{\"@type\":\"ListItem\",\"position\":1,\"name\":\"Strona g\u0142\u00f3wna\",\"item\":\"https:\/\/monika-wicinska.com\/\"},{\"@type\":\"ListItem\",\"position\":2,\"name\":\"Cennik konsultacji, terapii i test\u00f3w\"}]},{\"@type\":\"WebSite\",\"@id\":\"https:\/\/monika-wicinska.com\/#website\",\"url\":\"https:\/\/monika-wicinska.com\/\",\"name\":\"Bezpieczna przestrze\u0144\",\"description\":\"Gabinet psychologiczny\",\"potentialAction\":[{\"@type\":\"SearchAction\",\"target\":{\"@type\":\"EntryPoint\",\"urlTemplate\":\"https:\/\/monika-wicinska.com\/?s={search_term_string}\"},\"query-input\":\"required name=search_term_string\"}],\"inLanguage\":\"pl-PL\"}]}<\/script>\n<!-- \/ Yoast SEO plugin. -->","yoast_head_json":{"title":"Cennik us\u0142ug - Bezpieczna przestrze\u0144 gabinet psychologiczny","description":"Cennik konsultacji, terapii oraz test\u00f3w psychologicznych gabinetu psychoterapii i interwencji kryzysowej Bezpieczna przestrze\u0144 w Warszawie.","robots":{"index":"noindex","follow":"follow","max-snippet":"max-snippet:-1","max-image-preview":"max-image-preview:large","max-video-preview":"max-video-preview:-1"},"og_locale":"pl_PL","og_type":"article","og_title":"Cennik us\u0142ug - Bezpieczna przestrze\u0144 gabinet psychologiczny","og_description":"Cennik konsultacji, terapii oraz test\u00f3w psychologicznych gabinetu psychoterapii i interwencji kryzysowej Bezpieczna przestrze\u0144 w Warszawie.","og_url":"https:\/\/monika-wicinska.com\/index.php\/cennik-konsultacji-terapii-testow\/","og_site_name":"Bezpieczna przestrze\u0144","article_publisher":"https:\/\/www.facebook.com\/Bezpieczna-przestrze%c5%84-686760528377035","article_modified_time":"2025-02-02T20:37:30+00:00","twitter_card":"summary_large_image","twitter_misc":{"Szacowany czas czytania":"2 minuty"},"schema":{"@context":"https:\/\/schema.org","@graph":[{"@type":"WebPage","@id":"https:\/\/monika-wicinska.com\/index.php\/cennik-konsultacji-terapii-testow\/","url":"https:\/\/monika-wicinska.com\/index.php\/cennik-konsultacji-terapii-testow\/","name":"Cennik us\u0142ug - Bezpieczna przestrze\u0144 gabinet psychologiczny","isPartOf":{"@id":"https:\/\/monika-wicinska.com\/#website"},"datePublished":"2020-04-17T15:54:49+00:00","dateModified":"2025-02-02T20:37:30+00:00","description":"Cennik konsultacji, terapii oraz test\u00f3w psychologicznych gabinetu psychoterapii i interwencji kryzysowej Bezpieczna przestrze\u0144 w Warszawie.","breadcrumb":{"@id":"https:\/\/monika-wicinska.com\/index.php\/cennik-konsultacji-terapii-testow\/#breadcrumb"},"inLanguage":"pl-PL","potentialAction":[{"@type":"ReadAction","target":["https:\/\/monika-wicinska.com\/index.php\/cennik-konsultacji-terapii-testow\/"]}]},{"@type":"BreadcrumbList","@id":"https:\/\/monika-wicinska.com\/index.php\/cennik-konsultacji-terapii-testow\/#breadcrumb","itemListElement":[{"@type":"ListItem","position":1,"name":"Strona g\u0142\u00f3wna","item":"https:\/\/monika-wicinska.com\/"},{"@type":"ListItem","position":2,"name":"Cennik konsultacji, terapii i test\u00f3w"}]},{"@type":"WebSite","@id":"https:\/\/monika-wicinska.com\/#website","url":"https:\/\/monika-wicinska.com\/","name":"Bezpieczna przestrze\u0144","description":"Gabinet psychologiczny","potentialAction":[{"@type":"SearchAction","target":{"@type":"EntryPoint","urlTemplate":"https:\/\/monika-wicinska.com\/?s={search_term_string}"},"query-input":"required name=search_term_string"}],"inLanguage":"pl-PL"}]}},"jetpack_sharing_enabled":true,"_links":{"self":[{"href":"https:\/\/monika-wicinska.com\/index.php\/wp-json\/wp\/v2\/pages\/423","targetHints":{"allow":["GET"]}}],"collection":[{"href":"https:\/\/monika-wicinska.com\/index.php\/wp-json\/wp\/v2\/pages"}],"about":[{"href":"https:\/\/monika-wicinska.com\/index.php\/wp-json\/wp\/v2\/types\/page"}],"author":[{"embeddable":true,"href":"https:\/\/monika-wicinska.com\/index.php\/wp-json\/wp\/v2\/users\/1"}],"replies":[{"embeddable":true,"href":"https:\/\/monika-wicinska.com\/index.php\/wp-json\/wp\/v2\/comments?post=423"}],"version-history":[{"count":22,"href":"https:\/\/monika-wicinska.com\/index.php\/wp-json\/wp\/v2\/pages\/423\/revisions"}],"predecessor-version":[{"id":793,"href":"https:\/\/monika-wicinska.com\/index.php\/wp-json\/wp\/v2\/pages\/423\/revisions\/793"}],"wp:attachment":[{"href":"https:\/\/monika-wicinska.com\/index.php\/wp-json\/wp\/v2\/media?parent=423"}],"curies":[{"name":"wp","href":"https:\/\/api.w.org\/{rel}","templated":true}]}}