{"id":10,"date":"2018-08-31T20:56:33","date_gmt":"2018-08-31T20:56:33","guid":{"rendered":"http:\/\/bezpieczna-przestrzen.pl\/?page_id=10"},"modified":"2020-04-18T12:58:46","modified_gmt":"2020-04-18T11:58:46","slug":"gabinet-psychoterapii-formularz-kontaktowy","status":"publish","type":"page","link":"https:\/\/monika-wicinska.com\/index.php\/gabinet-psychoterapii-formularz-kontaktowy\/","title":{"rendered":"Dane kontaktowe"},"content":{"rendered":"<p>Gabinet psychoterapii Bezpieczna przestrze\u0144 to strefa dla Ciebie. Chcesz dowiedzie\u0107 si\u0119 wi\u0119cej lub zapyta\u0107 o us\u0142ugi nie wymienione w ofercie? Skorzystaj z danych do szybkiego kontaktu lub uzupe\u0142nij i wy\u015blij poni\u017cszy formularz kontaktowy:<\/p>\n<div class=\"wpcf7 no-js\" id=\"wpcf7-f101-o1\" lang=\"pl-PL\" dir=\"ltr\">\n<div class=\"screen-reader-response\"><p role=\"status\" aria-live=\"polite\" aria-atomic=\"true\"><\/p> <ul><\/ul><\/div>\n<form action=\"\/index.php\/wp-json\/wp\/v2\/pages\/10#wpcf7-f101-o1\" method=\"post\" class=\"wpcf7-form init\" aria-label=\"Formularz kontaktowy\" novalidate=\"novalidate\" data-status=\"init\">\n<div style=\"display: none;\">\n<input type=\"hidden\" name=\"_wpcf7\" value=\"101\" \/>\n<input type=\"hidden\" name=\"_wpcf7_version\" value=\"5.7.2\" \/>\n<input type=\"hidden\" name=\"_wpcf7_locale\" value=\"pl_PL\" \/>\n<input type=\"hidden\" name=\"_wpcf7_unit_tag\" value=\"wpcf7-f101-o1\" \/>\n<input type=\"hidden\" name=\"_wpcf7_container_post\" value=\"0\" \/>\n<input type=\"hidden\" name=\"_wpcf7_posted_data_hash\" value=\"\" \/>\n<input type=\"hidden\" name=\"_wpcf7_recaptcha_response\" value=\"\" \/>\n<\/div>\n<p><label> Imi\u0119 i nazwisko (wymagane)<br \/>\n<span class=\"wpcf7-form-control-wrap\" data-name=\"your-name\"><input size=\"40\" class=\"wpcf7-form-control wpcf7-text wpcf7-validates-as-required\" aria-required=\"true\" aria-invalid=\"false\" value=\"\" type=\"text\" name=\"your-name\" \/><\/span> <\/label>\n<\/p>\n<p><label> Adres email (wymagane)<br \/>\n<span class=\"wpcf7-form-control-wrap\" data-name=\"your-email\"><input size=\"40\" class=\"wpcf7-form-control wpcf7-text wpcf7-email wpcf7-validates-as-required wpcf7-validates-as-email\" aria-required=\"true\" aria-invalid=\"false\" value=\"\" type=\"email\" name=\"your-email\" \/><\/span> <\/label>\n<\/p>\n<p><label> Temat<br \/>\n<span class=\"wpcf7-form-control-wrap\" data-name=\"your-subject\"><input size=\"40\" class=\"wpcf7-form-control wpcf7-text\" aria-invalid=\"false\" value=\"\" type=\"text\" name=\"your-subject\" \/><\/span> <\/label>\n<\/p>\n<p><label> Tre\u015b\u0107 wiadomo\u015bci<br \/>\n<span class=\"wpcf7-form-control-wrap\" data-name=\"your-message\"><textarea cols=\"40\" rows=\"10\" class=\"wpcf7-form-control wpcf7-textarea\" aria-invalid=\"false\" name=\"your-message\"><\/textarea><\/span> <\/label>\n<\/p>\n<p><span class=\"wpcf7-form-control-wrap\" data-name=\"gdpr\"><span class=\"wpcf7-form-control wpcf7-acceptance\"><span class=\"wpcf7-list-item\"><label><input type=\"checkbox\" name=\"gdpr\" value=\"1\" aria-invalid=\"false\" \/><span class=\"wpcf7-list-item-label\">Wype\u0142nienie formularza oznacza, \u017ce podane w nim dane osobowe b\u0119d\u0105 przetwarzane w celu udzielenia odpowiedzi, je\u015bli Twoje pytanie b\u0119dzie odnosi\u0107 si\u0119 do naszych us\u0142ug w odpowiedzi mo\u017cemy przedstawi\u0107 Ci ofert\u0119.   <a href=\"\/index.php\/privacy-policy\" target=\"_blank\">Dowiedz si\u0119, jak przetwarzamy Twoje dane.<\/a><\/span><\/label><\/span><\/span><\/span>\n<\/p>\n<p><input class=\"wpcf7-form-control has-spinner wpcf7-submit\" type=\"submit\" value=\"Wy\u015blij\" \/>\n<\/p><p style=\"display: none !important;\" class=\"akismet-fields-container\" data-prefix=\"_wpcf7_ak_\"><label>&#916;<textarea name=\"_wpcf7_ak_hp_textarea\" cols=\"45\" rows=\"8\" maxlength=\"100\"><\/textarea><\/label><input type=\"hidden\" id=\"ak_js_1\" name=\"_wpcf7_ak_js\" value=\"250\"\/><script>document.getElementById( \"ak_js_1\" ).setAttribute( \"value\", ( new Date() ).getTime() );<\/script><\/p><div class=\"wpcf7-response-output\" aria-hidden=\"true\"><\/div><\/form><\/div>\n\n\n<p><\/p>\n","protected":false},"excerpt":{"rendered":"<p>Gabinet psychoterapii Bezpieczna przestrze\u0144 to strefa dla Ciebie. Chcesz dowiedzie\u0107 si\u0119 wi\u0119cej lub zapyta\u0107 o us\u0142ugi nie wymienione w ofercie? Skorzystaj z danych do szybkiego kontaktu lub uzupe\u0142nij i wy\u015blij poni\u017cszy formularz kontaktowy:<\/p>\n","protected":false},"author":1,"featured_media":0,"parent":0,"menu_order":0,"comment_status":"closed","ping_status":"closed","template":"","meta":{"ngg_post_thumbnail":0,"footnotes":""},"class_list":["post-10","page","type-page","status-publish","hentry"],"yoast_head":"<!-- This site is optimized with the Yoast SEO plugin v22.7 - https:\/\/yoast.com\/wordpress\/plugins\/seo\/ -->\n<title>Dane kontaktowe do poradni - Bezpieczna przestrze\u0144 psychoterapia<\/title>\n<meta name=\"description\" content=\"Gabinet psychoterapii w Warszawie. Skontaktuj si\u0119 z nami wype\u0142niaj\u0105c formularz kontaktowy lub pobieraj\u0105c dane kontaktowe bezpo\u015brednio ze strony.\" \/>\n<meta name=\"robots\" content=\"noindex, follow, max-snippet:-1, max-image-preview:large, max-video-preview:-1\" \/>\n<meta property=\"og:locale\" content=\"pl_PL\" \/>\n<meta property=\"og:type\" content=\"article\" \/>\n<meta property=\"og:title\" content=\"Dane kontaktowe do poradni - Bezpieczna przestrze\u0144 psychoterapia\" \/>\n<meta property=\"og:description\" content=\"Gabinet psychoterapii w Warszawie. Skontaktuj si\u0119 z nami wype\u0142niaj\u0105c formularz kontaktowy lub pobieraj\u0105c dane kontaktowe bezpo\u015brednio ze strony.\" \/>\n<meta property=\"og:url\" content=\"https:\/\/monika-wicinska.com\/index.php\/gabinet-psychoterapii-formularz-kontaktowy\/\" \/>\n<meta property=\"og:site_name\" content=\"Bezpieczna przestrze\u0144\" \/>\n<meta property=\"article:publisher\" content=\"https:\/\/www.facebook.com\/Bezpieczna-przestrze%c5%84-686760528377035\" \/>\n<meta property=\"article:modified_time\" content=\"2020-04-18T11:58:46+00:00\" \/>\n<meta name=\"twitter:card\" content=\"summary_large_image\" \/>\n<script type=\"application\/ld+json\" class=\"yoast-schema-graph\">{\"@context\":\"https:\/\/schema.org\",\"@graph\":[{\"@type\":\"WebPage\",\"@id\":\"https:\/\/monika-wicinska.com\/index.php\/gabinet-psychoterapii-formularz-kontaktowy\/\",\"url\":\"https:\/\/monika-wicinska.com\/index.php\/gabinet-psychoterapii-formularz-kontaktowy\/\",\"name\":\"Dane kontaktowe do poradni - Bezpieczna przestrze\u0144 psychoterapia\",\"isPartOf\":{\"@id\":\"https:\/\/monika-wicinska.com\/#website\"},\"datePublished\":\"2018-08-31T20:56:33+00:00\",\"dateModified\":\"2020-04-18T11:58:46+00:00\",\"description\":\"Gabinet psychoterapii w Warszawie. Skontaktuj si\u0119 z nami wype\u0142niaj\u0105c formularz kontaktowy lub pobieraj\u0105c dane kontaktowe bezpo\u015brednio ze strony.\",\"breadcrumb\":{\"@id\":\"https:\/\/monika-wicinska.com\/index.php\/gabinet-psychoterapii-formularz-kontaktowy\/#breadcrumb\"},\"inLanguage\":\"pl-PL\",\"potentialAction\":[{\"@type\":\"ReadAction\",\"target\":[\"https:\/\/monika-wicinska.com\/index.php\/gabinet-psychoterapii-formularz-kontaktowy\/\"]}]},{\"@type\":\"BreadcrumbList\",\"@id\":\"https:\/\/monika-wicinska.com\/index.php\/gabinet-psychoterapii-formularz-kontaktowy\/#breadcrumb\",\"itemListElement\":[{\"@type\":\"ListItem\",\"position\":1,\"name\":\"Strona g\u0142\u00f3wna\",\"item\":\"https:\/\/monika-wicinska.com\/\"},{\"@type\":\"ListItem\",\"position\":2,\"name\":\"Dane kontaktowe\"}]},{\"@type\":\"WebSite\",\"@id\":\"https:\/\/monika-wicinska.com\/#website\",\"url\":\"https:\/\/monika-wicinska.com\/\",\"name\":\"Bezpieczna przestrze\u0144\",\"description\":\"Gabinet psychologiczny\",\"potentialAction\":[{\"@type\":\"SearchAction\",\"target\":{\"@type\":\"EntryPoint\",\"urlTemplate\":\"https:\/\/monika-wicinska.com\/?s={search_term_string}\"},\"query-input\":\"required name=search_term_string\"}],\"inLanguage\":\"pl-PL\"}]}<\/script>\n<!-- \/ Yoast SEO plugin. -->","yoast_head_json":{"title":"Dane kontaktowe do poradni - Bezpieczna przestrze\u0144 psychoterapia","description":"Gabinet psychoterapii w Warszawie. Skontaktuj si\u0119 z nami wype\u0142niaj\u0105c formularz kontaktowy lub pobieraj\u0105c dane kontaktowe bezpo\u015brednio ze strony.","robots":{"index":"noindex","follow":"follow","max-snippet":"max-snippet:-1","max-image-preview":"max-image-preview:large","max-video-preview":"max-video-preview:-1"},"og_locale":"pl_PL","og_type":"article","og_title":"Dane kontaktowe do poradni - Bezpieczna przestrze\u0144 psychoterapia","og_description":"Gabinet psychoterapii w Warszawie. Skontaktuj si\u0119 z nami wype\u0142niaj\u0105c formularz kontaktowy lub pobieraj\u0105c dane kontaktowe bezpo\u015brednio ze strony.","og_url":"https:\/\/monika-wicinska.com\/index.php\/gabinet-psychoterapii-formularz-kontaktowy\/","og_site_name":"Bezpieczna przestrze\u0144","article_publisher":"https:\/\/www.facebook.com\/Bezpieczna-przestrze%c5%84-686760528377035","article_modified_time":"2020-04-18T11:58:46+00:00","twitter_card":"summary_large_image","schema":{"@context":"https:\/\/schema.org","@graph":[{"@type":"WebPage","@id":"https:\/\/monika-wicinska.com\/index.php\/gabinet-psychoterapii-formularz-kontaktowy\/","url":"https:\/\/monika-wicinska.com\/index.php\/gabinet-psychoterapii-formularz-kontaktowy\/","name":"Dane kontaktowe do poradni - Bezpieczna przestrze\u0144 psychoterapia","isPartOf":{"@id":"https:\/\/monika-wicinska.com\/#website"},"datePublished":"2018-08-31T20:56:33+00:00","dateModified":"2020-04-18T11:58:46+00:00","description":"Gabinet psychoterapii w Warszawie. Skontaktuj si\u0119 z nami wype\u0142niaj\u0105c formularz kontaktowy lub pobieraj\u0105c dane kontaktowe bezpo\u015brednio ze strony.","breadcrumb":{"@id":"https:\/\/monika-wicinska.com\/index.php\/gabinet-psychoterapii-formularz-kontaktowy\/#breadcrumb"},"inLanguage":"pl-PL","potentialAction":[{"@type":"ReadAction","target":["https:\/\/monika-wicinska.com\/index.php\/gabinet-psychoterapii-formularz-kontaktowy\/"]}]},{"@type":"BreadcrumbList","@id":"https:\/\/monika-wicinska.com\/index.php\/gabinet-psychoterapii-formularz-kontaktowy\/#breadcrumb","itemListElement":[{"@type":"ListItem","position":1,"name":"Strona g\u0142\u00f3wna","item":"https:\/\/monika-wicinska.com\/"},{"@type":"ListItem","position":2,"name":"Dane kontaktowe"}]},{"@type":"WebSite","@id":"https:\/\/monika-wicinska.com\/#website","url":"https:\/\/monika-wicinska.com\/","name":"Bezpieczna przestrze\u0144","description":"Gabinet psychologiczny","potentialAction":[{"@type":"SearchAction","target":{"@type":"EntryPoint","urlTemplate":"https:\/\/monika-wicinska.com\/?s={search_term_string}"},"query-input":"required name=search_term_string"}],"inLanguage":"pl-PL"}]}},"jetpack_sharing_enabled":true,"_links":{"self":[{"href":"https:\/\/monika-wicinska.com\/index.php\/wp-json\/wp\/v2\/pages\/10","targetHints":{"allow":["GET"]}}],"collection":[{"href":"https:\/\/monika-wicinska.com\/index.php\/wp-json\/wp\/v2\/pages"}],"about":[{"href":"https:\/\/monika-wicinska.com\/index.php\/wp-json\/wp\/v2\/types\/page"}],"author":[{"embeddable":true,"href":"https:\/\/monika-wicinska.com\/index.php\/wp-json\/wp\/v2\/users\/1"}],"replies":[{"embeddable":true,"href":"https:\/\/monika-wicinska.com\/index.php\/wp-json\/wp\/v2\/comments?post=10"}],"version-history":[{"count":6,"href":"https:\/\/monika-wicinska.com\/index.php\/wp-json\/wp\/v2\/pages\/10\/revisions"}],"predecessor-version":[{"id":501,"href":"https:\/\/monika-wicinska.com\/index.php\/wp-json\/wp\/v2\/pages\/10\/revisions\/501"}],"wp:attachment":[{"href":"https:\/\/monika-wicinska.com\/index.php\/wp-json\/wp\/v2\/media?parent=10"}],"curies":[{"name":"wp","href":"https:\/\/api.w.org\/{rel}","templated":true}]}}